{"id":18960,"date":"2024-08-06T08:31:05","date_gmt":"2024-08-06T08:31:05","guid":{"rendered":"https:\/\/www.ncabadahortzklinika.com\/tratamenduak\/ahoko-protesiak-eta-errehabilitazioa\/"},"modified":"2024-12-18T08:47:03","modified_gmt":"2024-12-18T08:47:03","slug":"ahoko-protesiak-eta-errehabilitazioa","status":"publish","type":"page","link":"https:\/\/www.ncabadahortzklinika.com\/eu\/tratamenduak\/ahoko-protesiak-eta-errehabilitazioa\/","title":{"rendered":"Ahoko protesiak eta errehabilitazioa"},"content":{"rendered":"<p>[et_pb_section fb_built=&#8221;1&#8243; admin_label=&#8221;Header&#8221; _builder_version=&#8221;4.27.0&#8243; use_background_color_gradient=&#8221;on&#8221; background_color_gradient_stops=&#8221;rgba(0,19,46,0.6) 0%|rgba(0,19,46,0.6) 100%&#8221; background_color_gradient_overlays_image=&#8221;on&#8221; background_color_gradient_start=&#8221;rgba(0,19,46,0.6)&#8221; background_color_gradient_end=&#8221;rgba(0,19,46,0.6)&#8221; background_image=&#8221;https:\/\/www.ncabadahortzklinika.com\/wp-content\/uploads\/2024\/08\/protesis-rehabilitacion-oral-01.jpg&#8221; custom_padding=&#8221;||||false|false&#8221; locked=&#8221;off&#8221; collapsed=&#8221;on&#8221; global_colors_info=&#8221;{}&#8221;][et_pb_row _builder_version=&#8221;4.16&#8243; global_colors_info=&#8221;{}&#8221;][et_pb_column type=&#8221;4_4&#8243; _builder_version=&#8221;4.16&#8243; global_colors_info=&#8221;{}&#8221;][et_pb_text _builder_version=&#8221;4.27.0&#8243; header_font=&#8221;Darker Grotesque|900|||||||&#8221; header_font_size=&#8221;100px&#8221; background_layout=&#8221;dark&#8221; custom_margin=&#8221;||||false|false&#8221; header_font_size_tablet=&#8221;70px&#8221; header_font_size_phone=&#8221;41px&#8221; header_font_size_last_edited=&#8221;on|phone&#8221; global_colors_info=&#8221;{}&#8221;]<\/p>\n<h1>Ahoko protesiak eta errehabilitazioa<\/h1>\n<p>[\/et_pb_text][\/et_pb_column][\/et_pb_row][et_pb_row make_equal=&#8221;on&#8221; _builder_version=&#8221;4.27.0&#8243; custom_padding=&#8221;0px||0px||true|&#8221; locked=&#8221;off&#8221; global_colors_info=&#8221;{}&#8221;][et_pb_column type=&#8221;4_4&#8243; _builder_version=&#8221;4.27.0&#8243; background_color=&#8221;RGBA(255,255,255,0)&#8221; custom_padding=&#8221;30px|30px|30px|30px|true|true&#8221; custom_padding_tablet=&#8221;&#8221; custom_padding_phone=&#8221;|20px||20px|true|true&#8221; custom_padding_last_edited=&#8221;on|phone&#8221; global_colors_info=&#8221;{}&#8221;][et_pb_image src=&#8221;https:\/\/www.ncabadahortzklinika.com\/wp-content\/uploads\/2024\/08\/protesis-rehabilitacion-oral-icon-white.png&#8221; alt=&#8221;Ahoko protesiak eta errehabilitazioa&#8221; title_text=&#8221;Ahoko protesiak eta errehabilitazioa&#8221; align=&#8221;center&#8221; _builder_version=&#8221;4.27.0&#8243; locked=&#8221;off&#8221; global_colors_info=&#8221;{}&#8221;][\/et_pb_image][et_pb_text _builder_version=&#8221;4.27.0&#8243; text_font=&#8221;Darker Grotesque|600|||||||&#8221; text_text_color=&#8221;#FFFFFF&#8221; text_font_size=&#8221;18px&#8221; text_line_height=&#8221;1.4em&#8221; header_font=&#8221;Darker Grotesque|900|||||||&#8221; header_text_color=&#8221;#ddccb8&#8243; header_font_size=&#8221;36px&#8221; header_2_font=&#8221;Darker Grotesque|900|||||||&#8221; header_2_text_color=&#8221;#ddccb8&#8243; header_2_font_size=&#8221;36px&#8221; header_3_font=&#8221;Darker Grotesque|900|||||||&#8221; header_3_text_color=&#8221;#FFFFFF&#8221; header_3_font_size=&#8221;36px&#8221; header_4_font=&#8221;Darker Grotesque|900|||||||&#8221; header_4_text_color=&#8221;#ddccb8&#8243; header_4_font_size=&#8221;36px&#8221; header_5_font=&#8221;Darker Grotesque|900|||||||&#8221; header_5_text_color=&#8221;#ddccb8&#8243; header_5_font_size=&#8221;36px&#8221; header_6_font=&#8221;Darker Grotesque|900|||||||&#8221; header_6_text_color=&#8221;#ddccb8&#8243; header_6_font_size=&#8221;36px&#8221; text_orientation=&#8221;center&#8221; background_layout=&#8221;dark&#8221; max_width=&#8221;800px&#8221; module_alignment=&#8221;center&#8221; header_font_size_tablet=&#8221;30px&#8221; header_font_size_phone=&#8221;24px&#8221; header_font_size_last_edited=&#8221;on|phone&#8221; header_2_font_size_tablet=&#8221;30px&#8221; header_2_font_size_phone=&#8221;24px&#8221; header_2_font_size_last_edited=&#8221;on|phone&#8221; header_3_font_size_tablet=&#8221;30px&#8221; header_3_font_size_phone=&#8221;24px&#8221; header_3_font_size_last_edited=&#8221;on|phone&#8221; header_4_font_size_tablet=&#8221;30px&#8221; header_4_font_size_phone=&#8221;24px&#8221; header_4_font_size_last_edited=&#8221;on|phone&#8221; header_5_font_size_tablet=&#8221;30px&#8221; header_5_font_size_phone=&#8221;24px&#8221; header_5_font_size_last_edited=&#8221;on|phone&#8221; header_6_font_size_tablet=&#8221;30px&#8221; header_6_font_size_phone=&#8221;24px&#8221; header_6_font_size_last_edited=&#8221;on|phone&#8221; locked=&#8221;off&#8221; global_colors_info=&#8221;{}&#8221;]<\/p>\n<h3>Ahoko protesiak eta errehabilitazioa<\/h3>\n<p>Oso naturalak diren protesiak jartzen ditugu, ez dute enbarazurik egiten, eta normaltasunez jaten eta irribarre egiten uzten dizute.<\/p>\n<p>[\/et_pb_text][et_pb_button button_url=&#8221;\/eu\/kontaktua\/#contact-form&#8221; button_text=&#8221;Harremanetarako informazioa&#8221; button_alignment=&#8221;center&#8221; _builder_version=&#8221;4.27.2&#8243; custom_button=&#8221;on&#8221; button_text_color=&#8221;#ffffff&#8221; button_bg_color=&#8221;#0b518c&#8221; button_border_width=&#8221;1px&#8221; button_border_color=&#8221;#0b518c&#8221; button_border_radius=&#8221;0px&#8221; button_letter_spacing=&#8221;2px&#8221; button_font=&#8221;Darker Grotesque|900||on|||||&#8221; button_icon=&#8221;&#x24;||divi||400&#8243; custom_margin=&#8221;||||false|false&#8221; custom_padding=&#8221;15px|40px|15px|40px|true|true&#8221; button_text_size_tablet=&#8221;20px&#8221; button_text_size_phone=&#8221;16px&#8221; button_text_size_last_edited=&#8221;on|phone&#8221; button_border_color_tablet=&#8221;#0b518c&#8221; button_border_color_phone=&#8221;#0b518c&#8221; button_border_color_last_edited=&#8221;on|desktop&#8221; locked=&#8221;off&#8221; global_colors_info=&#8221;{}&#8221; button_bg_color__hover_enabled=&#8221;on|desktop&#8221; button_bg_color__hover=&#8221;#263142&#8243; button_bg_enable_color__hover=&#8221;on&#8221; button_border_color__hover_enabled=&#8221;on|hover&#8221; button_border_color__hover=&#8221;#FFFFFF&#8221;][\/et_pb_button][\/et_pb_column][\/et_pb_row][\/et_pb_section][et_pb_section fb_built=&#8221;1&#8243; admin_label=&#8221;About&#8221; _builder_version=&#8221;4.16&#8243; collapsed=&#8221;on&#8221; global_colors_info=&#8221;{}&#8221;][et_pb_row _builder_version=&#8221;4.16&#8243; global_colors_info=&#8221;{}&#8221;][et_pb_column type=&#8221;4_4&#8243; _builder_version=&#8221;4.16&#8243; global_colors_info=&#8221;{}&#8221;][et_pb_text _builder_version=&#8221;4.27.2&#8243; header_2_font=&#8221;Darker Grotesque|900|||||||&#8221; header_2_font_size=&#8221;60px&#8221; text_orientation=&#8221;center&#8221; module_alignment=&#8221;center&#8221; header_2_font_size_tablet=&#8221;42px&#8221; header_2_font_size_phone=&#8221;30px&#8221; header_2_font_size_last_edited=&#8221;on|phone&#8221; locked=&#8221;off&#8221; global_colors_info=&#8221;{}&#8221;]<\/p>\n<h2>Ahoko protesiak eta errehabilitazioa<\/h2>\n<p>[\/et_pb_text][\/et_pb_column][\/et_pb_row][et_pb_row column_structure=&#8221;1_2,1_2&#8243; _builder_version=&#8221;4.16&#8243; global_colors_info=&#8221;{}&#8221;][et_pb_column type=&#8221;1_2&#8243; _builder_version=&#8221;4.16&#8243; global_colors_info=&#8221;{}&#8221;][et_pb_image src=&#8221;https:\/\/www.ncabadahortzklinika.com\/wp-content\/uploads\/2024\/12\/protesis-rehabilitacion-oral_Edit.jpg&#8221; alt=&#8221;Pr\u00f3tesis rehabilitaci\u00f3n Oral&#8221; title_text=&#8221;Pr\u00f3tesis rehabilitaci\u00f3n Oral&#8221; show_in_lightbox=&#8221;on&#8221; _builder_version=&#8221;4.27.2&#8243; hover_enabled=&#8221;0&#8243; global_colors_info=&#8221;{}&#8221; sticky_enabled=&#8221;0&#8243;][\/et_pb_image][\/et_pb_column][et_pb_column type=&#8221;1_2&#8243; _builder_version=&#8221;4.16&#8243; global_colors_info=&#8221;{}&#8221;][et_pb_text disabled_on=&#8221;off|off|off&#8221; _builder_version=&#8221;4.27.2&#8243; text_font=&#8221;Darker Grotesque|600|||||||&#8221; text_font_size=&#8221;18px&#8221; text_line_height=&#8221;1.4em&#8221; custom_padding=&#8221;5vw||||false|false&#8221; custom_padding_tablet=&#8221;5vw||||false|false&#8221; custom_padding_phone=&#8221;0vw||||false|false&#8221; custom_padding_last_edited=&#8221;on|phone&#8221; global_colors_info=&#8221;{}&#8221;]<\/p>\n<p>Era guztietako aukerak ditugu falta diren piezak berritzeko:<\/p>\n<ul>\n<li>Pr\u00f3tesis removibles, <\/li>\n<li>Koroak eta zubiak, <\/li>\n<li>Karilla zeramikoak, <\/li>\n<li>Inplanteen gaineko protesiak: koroak, zubiak, gainazalak edo hibridoa<\/li>\n<ul>[\/et_pb_text][\/et_pb_column][\/et_pb_row][\/et_pb_section][et_pb_section fb_built=&#8221;1&#8243; admin_label=&#8221;Ofrecemos un servicio integral de todas las especialidades odontol\u00f3gicas&#8221; _builder_version=&#8221;4.27.0&#8243; background_color=&#8221;#263142&#8243; background_image=&#8221;https:\/\/www.ncabadahortzklinika.com\/wp-content\/uploads\/2024\/08\/financial-advisor-background-2.png&#8221; background_size=&#8221;initial&#8221; saved_tabs=&#8221;all&#8221; locked=&#8221;off&#8221; collapsed=&#8221;on&#8221; global_colors_info=&#8221;{}&#8221;][et_pb_row _builder_version=&#8221;4.16&#8243; global_colors_info=&#8221;{}&#8221;][et_pb_column type=&#8221;4_4&#8243; _builder_version=&#8221;4.16&#8243; global_colors_info=&#8221;{}&#8221;][et_pb_text _builder_version=&#8221;4.27.0&#8243; header_2_font=&#8221;Darker Grotesque|900|||||||&#8221; header_2_font_size=&#8221;60px&#8221; text_orientation=&#8221;center&#8221; background_layout=&#8221;dark&#8221; max_width=&#8221;900px&#8221; module_alignment=&#8221;center&#8221; header_2_font_size_tablet=&#8221;42px&#8221; header_2_font_size_phone=&#8221;30px&#8221; header_2_font_size_last_edited=&#8221;on|phone&#8221; locked=&#8221;off&#8221; global_colors_info=&#8221;{}&#8221;]<\/p>\n<h2>Hortz-espezialitate guztien zerbitzu integrala eskaintzen dugu.<\/h2>\n<p>[\/et_pb_text][et_pb_button button_url=&#8221;https:\/\/www.ncabadahortzklinika.com\/contacto\/#contact-form&#8221; button_text=&#8221;harremanetarako informazioa&#8221; button_alignment=&#8221;center&#8221; disabled_on=&#8221;on|on|on&#8221; _builder_version=&#8221;4.27.0&#8243; custom_button=&#8221;on&#8221; button_text_color=&#8221;#283444&#8243; button_bg_color=&#8221;#ddccb8&#8243; button_border_color=&#8221;rgba(0,0,0,0)&#8221; button_border_radius=&#8221;0px&#8221; button_letter_spacing=&#8221;2px&#8221; button_font=&#8221;Darker Grotesque|900||on|||||&#8221; button_use_icon=&#8221;off&#8221; custom_margin=&#8221;50px||||false|false&#8221; custom_padding=&#8221;15px|40px|15px|40px|true|true&#8221; button_text_size_tablet=&#8221;20px&#8221; button_text_size_phone=&#8221;16px&#8221; button_text_size_last_edited=&#8221;on|phone&#8221; disabled=&#8221;on&#8221; locked=&#8221;off&#8221; global_colors_info=&#8221;{}&#8221;][\/et_pb_button][\/et_pb_column][\/et_pb_row][\/et_pb_section][et_pb_section fb_built=&#8221;1&#8243; admin_label=&#8221;Financiado por la Union Europea&#8221; _builder_version=&#8221;4.27.0&#8243; _module_preset=&#8221;default&#8221; background_color=&#8221;rgba(249,243,232,0.85)&#8221; animation_style=&#8221;slide&#8221; animation_direction=&#8221;bottom&#8221; saved_tabs=&#8221;all&#8221; collapsed=&#8221;on&#8221; global_colors_info=&#8221;{}&#8221;][et_pb_row _builder_version=&#8221;4.27.0&#8243; _module_preset=&#8221;default&#8221; global_colors_info=&#8221;{}&#8221;][et_pb_column type=&#8221;4_4&#8243; _builder_version=&#8221;4.27.0&#8243; _module_preset=&#8221;default&#8221; global_colors_info=&#8221;{}&#8221;][et_pb_image src=&#8221;https:\/\/www.ncabadahortzklinika.com\/wp-content\/uploads\/2024\/08\/banner-1.jpg&#8221; alt=&#8221;Europar Batasunak finantzatua. Susperraldi Plana, Eraldaketa eta Erresilientzia&#8221; title_text=&#8221;Europar Batasunak finantzatua. Susperraldi Plana, Eraldaketa eta Erresilientzia&#8221; align=&#8221;center&#8221; _builder_version=&#8221;4.27.0&#8243; _module_preset=&#8221;default&#8221; global_colors_info=&#8221;{}&#8221;][\/et_pb_image][\/et_pb_column][\/et_pb_row][\/et_pb_section]<\/p>\n","protected":false},"excerpt":{"rendered":"<p>Ahoko protesiak eta errehabilitazioaAhoko protesiak eta errehabilitazioa Oso naturalak diren protesiak jartzen ditugu, ez dute enbarazurik egiten, eta normaltasunez jaten eta irribarre egiten uzten dizute.Ahoko protesiak eta errehabilitazioaEra guztietako aukerak ditugu falta diren piezak berritzeko: Pr\u00f3tesis removibles, Koroak eta zubiak, Karilla zeramikoak, Inplanteen gaineko protesiak: koroak, zubiak, gainazalak edo hibridoa Hortz-espezialitate guztien zerbitzu integrala eskaintzen [&hellip;]<\/p>\n","protected":false},"author":1,"featured_media":0,"parent":18937,"menu_order":4,"comment_status":"closed","ping_status":"closed","template":"","meta":{"_et_pb_use_builder":"on","_et_pb_old_content":"","_et_gb_content_width":"","_monsterinsights_skip_tracking":false,"_monsterinsights_sitenote_active":false,"_monsterinsights_sitenote_note":"","_monsterinsights_sitenote_category":0,"_uf_show_specific_survey":0,"_uf_disable_surveys":false,"footnotes":""},"class_list":["post-18960","page","type-page","status-publish","hentry"],"yoast_head":"<!-- This site is optimized with the Yoast SEO plugin v25.0 - https:\/\/yoast.com\/wordpress\/plugins\/seo\/ -->\n<title>Ahoko protesiak eta errehabilitazioa - Cl\u00ednica Dental Nagore Cabada<\/title>\n<meta name=\"description\" content=\"Protesiak eta ahoko errehabilitazioa. Oso naturalak diren protesiak jartzen ditugu, ez dute enbarazurik egiten, eta normaltasunez jaten eta irribarre egiten uzten dizute.\" \/>\n<meta name=\"robots\" content=\"index, follow, max-snippet:-1, max-image-preview:large, max-video-preview:-1\" \/>\n<link rel=\"canonical\" href=\"https:\/\/www.ncabadahortzklinika.com\/eu\/tratamenduak\/ahoko-protesiak-eta-errehabilitazioa\/\" \/>\n<meta property=\"og:locale\" content=\"eu_ES\" \/>\n<meta property=\"og:type\" content=\"article\" \/>\n<meta property=\"og:title\" content=\"Ahoko protesiak eta errehabilitazioa - Cl\u00ednica Dental Nagore Cabada\" \/>\n<meta property=\"og:description\" content=\"Protesiak eta ahoko errehabilitazioa. Oso naturalak diren protesiak jartzen ditugu, ez dute enbarazurik egiten, eta normaltasunez jaten eta irribarre egiten uzten dizute.\" \/>\n<meta property=\"og:url\" content=\"https:\/\/www.ncabadahortzklinika.com\/eu\/tratamenduak\/ahoko-protesiak-eta-errehabilitazioa\/\" \/>\n<meta property=\"og:site_name\" content=\"Cl\u00ednica Dental Nagore Cabada\" \/>\n<meta property=\"article:modified_time\" content=\"2024-12-18T08:47:03+00:00\" \/>\n<meta name=\"twitter:card\" content=\"summary_large_image\" \/>\n<meta name=\"twitter:label1\" content=\"Est. reading time\" \/>\n\t<meta name=\"twitter:data1\" content=\"1 minute\" \/>\n<script type=\"application\/ld+json\" class=\"yoast-schema-graph\">{\"@context\":\"https:\/\/schema.org\",\"@graph\":[{\"@type\":\"WebPage\",\"@id\":\"https:\/\/www.ncabadahortzklinika.com\/eu\/tratamenduak\/ahoko-protesiak-eta-errehabilitazioa\/\",\"url\":\"https:\/\/www.ncabadahortzklinika.com\/eu\/tratamenduak\/ahoko-protesiak-eta-errehabilitazioa\/\",\"name\":\"Ahoko protesiak eta errehabilitazioa - Cl\u00ednica Dental Nagore Cabada\",\"isPartOf\":{\"@id\":\"https:\/\/www.ncabadahortzklinika.com\/eu\/#website\"},\"datePublished\":\"2024-08-06T08:31:05+00:00\",\"dateModified\":\"2024-12-18T08:47:03+00:00\",\"description\":\"Protesiak eta ahoko errehabilitazioa. Oso naturalak diren protesiak jartzen ditugu, ez dute enbarazurik egiten, eta normaltasunez jaten eta irribarre egiten uzten dizute.\",\"breadcrumb\":{\"@id\":\"https:\/\/www.ncabadahortzklinika.com\/eu\/tratamenduak\/ahoko-protesiak-eta-errehabilitazioa\/#breadcrumb\"},\"inLanguage\":\"eu-ES\",\"potentialAction\":[{\"@type\":\"ReadAction\",\"target\":[\"https:\/\/www.ncabadahortzklinika.com\/eu\/tratamenduak\/ahoko-protesiak-eta-errehabilitazioa\/\"]}]},{\"@type\":\"BreadcrumbList\",\"@id\":\"https:\/\/www.ncabadahortzklinika.com\/eu\/tratamenduak\/ahoko-protesiak-eta-errehabilitazioa\/#breadcrumb\",\"itemListElement\":[{\"@type\":\"ListItem\",\"position\":1,\"name\":\"Portada\",\"item\":\"https:\/\/www.ncabadahortzklinika.com\/eu\/\"},{\"@type\":\"ListItem\",\"position\":2,\"name\":\"Tratamenduak\",\"item\":\"https:\/\/www.ncabadahortzklinika.com\/eu\/tratamenduak\/\"},{\"@type\":\"ListItem\",\"position\":3,\"name\":\"Ahoko protesiak eta errehabilitazioa\"}]},{\"@type\":\"WebSite\",\"@id\":\"https:\/\/www.ncabadahortzklinika.com\/eu\/#website\",\"url\":\"https:\/\/www.ncabadahortzklinika.com\/eu\/\",\"name\":\"Cl\u00ednica Dental Nagore Cabada\",\"description\":\"\",\"potentialAction\":[{\"@type\":\"SearchAction\",\"target\":{\"@type\":\"EntryPoint\",\"urlTemplate\":\"https:\/\/www.ncabadahortzklinika.com\/eu\/?s={search_term_string}\"},\"query-input\":{\"@type\":\"PropertyValueSpecification\",\"valueRequired\":true,\"valueName\":\"search_term_string\"}}],\"inLanguage\":\"eu-ES\"}]}<\/script>\n<!-- \/ Yoast SEO plugin. -->","yoast_head_json":{"title":"Ahoko protesiak eta errehabilitazioa - Cl\u00ednica Dental Nagore Cabada","description":"Protesiak eta ahoko errehabilitazioa. Oso naturalak diren protesiak jartzen ditugu, ez dute enbarazurik egiten, eta normaltasunez jaten eta irribarre egiten uzten dizute.","robots":{"index":"index","follow":"follow","max-snippet":"max-snippet:-1","max-image-preview":"max-image-preview:large","max-video-preview":"max-video-preview:-1"},"canonical":"https:\/\/www.ncabadahortzklinika.com\/eu\/tratamenduak\/ahoko-protesiak-eta-errehabilitazioa\/","og_locale":"eu_ES","og_type":"article","og_title":"Ahoko protesiak eta errehabilitazioa - Cl\u00ednica Dental Nagore Cabada","og_description":"Protesiak eta ahoko errehabilitazioa. Oso naturalak diren protesiak jartzen ditugu, ez dute enbarazurik egiten, eta normaltasunez jaten eta irribarre egiten uzten dizute.","og_url":"https:\/\/www.ncabadahortzklinika.com\/eu\/tratamenduak\/ahoko-protesiak-eta-errehabilitazioa\/","og_site_name":"Cl\u00ednica Dental Nagore Cabada","article_modified_time":"2024-12-18T08:47:03+00:00","twitter_card":"summary_large_image","twitter_misc":{"Est. reading time":"1 minute"},"schema":{"@context":"https:\/\/schema.org","@graph":[{"@type":"WebPage","@id":"https:\/\/www.ncabadahortzklinika.com\/eu\/tratamenduak\/ahoko-protesiak-eta-errehabilitazioa\/","url":"https:\/\/www.ncabadahortzklinika.com\/eu\/tratamenduak\/ahoko-protesiak-eta-errehabilitazioa\/","name":"Ahoko protesiak eta errehabilitazioa - Cl\u00ednica Dental Nagore Cabada","isPartOf":{"@id":"https:\/\/www.ncabadahortzklinika.com\/eu\/#website"},"datePublished":"2024-08-06T08:31:05+00:00","dateModified":"2024-12-18T08:47:03+00:00","description":"Protesiak eta ahoko errehabilitazioa. Oso naturalak diren protesiak jartzen ditugu, ez dute enbarazurik egiten, eta normaltasunez jaten eta irribarre egiten uzten dizute.","breadcrumb":{"@id":"https:\/\/www.ncabadahortzklinika.com\/eu\/tratamenduak\/ahoko-protesiak-eta-errehabilitazioa\/#breadcrumb"},"inLanguage":"eu-ES","potentialAction":[{"@type":"ReadAction","target":["https:\/\/www.ncabadahortzklinika.com\/eu\/tratamenduak\/ahoko-protesiak-eta-errehabilitazioa\/"]}]},{"@type":"BreadcrumbList","@id":"https:\/\/www.ncabadahortzklinika.com\/eu\/tratamenduak\/ahoko-protesiak-eta-errehabilitazioa\/#breadcrumb","itemListElement":[{"@type":"ListItem","position":1,"name":"Portada","item":"https:\/\/www.ncabadahortzklinika.com\/eu\/"},{"@type":"ListItem","position":2,"name":"Tratamenduak","item":"https:\/\/www.ncabadahortzklinika.com\/eu\/tratamenduak\/"},{"@type":"ListItem","position":3,"name":"Ahoko protesiak eta errehabilitazioa"}]},{"@type":"WebSite","@id":"https:\/\/www.ncabadahortzklinika.com\/eu\/#website","url":"https:\/\/www.ncabadahortzklinika.com\/eu\/","name":"Cl\u00ednica Dental Nagore Cabada","description":"","potentialAction":[{"@type":"SearchAction","target":{"@type":"EntryPoint","urlTemplate":"https:\/\/www.ncabadahortzklinika.com\/eu\/?s={search_term_string}"},"query-input":{"@type":"PropertyValueSpecification","valueRequired":true,"valueName":"search_term_string"}}],"inLanguage":"eu-ES"}]}},"_links":{"self":[{"href":"https:\/\/www.ncabadahortzklinika.com\/eu\/wp-json\/wp\/v2\/pages\/18960","targetHints":{"allow":["GET"]}}],"collection":[{"href":"https:\/\/www.ncabadahortzklinika.com\/eu\/wp-json\/wp\/v2\/pages"}],"about":[{"href":"https:\/\/www.ncabadahortzklinika.com\/eu\/wp-json\/wp\/v2\/types\/page"}],"author":[{"embeddable":true,"href":"https:\/\/www.ncabadahortzklinika.com\/eu\/wp-json\/wp\/v2\/users\/1"}],"replies":[{"embeddable":true,"href":"https:\/\/www.ncabadahortzklinika.com\/eu\/wp-json\/wp\/v2\/comments?post=18960"}],"version-history":[{"count":11,"href":"https:\/\/www.ncabadahortzklinika.com\/eu\/wp-json\/wp\/v2\/pages\/18960\/revisions"}],"predecessor-version":[{"id":19505,"href":"https:\/\/www.ncabadahortzklinika.com\/eu\/wp-json\/wp\/v2\/pages\/18960\/revisions\/19505"}],"up":[{"embeddable":true,"href":"https:\/\/www.ncabadahortzklinika.com\/eu\/wp-json\/wp\/v2\/pages\/18937"}],"wp:attachment":[{"href":"https:\/\/www.ncabadahortzklinika.com\/eu\/wp-json\/wp\/v2\/media?parent=18960"}],"curies":[{"name":"wp","href":"https:\/\/api.w.org\/{rel}","templated":true}]}}